{"id":3767,"date":"2019-03-04T18:40:19","date_gmt":"2019-03-04T18:40:19","guid":{"rendered":"http:\/\/euforiabiegaczateam.pl\/?post_type=product&#038;p=3767"},"modified":"2021-10-07T09:39:45","modified_gmt":"2021-10-07T09:39:45","slug":"bluza","status":"publish","type":"product","link":"http:\/\/team.euforiabiegacza-sport.pl\/?product=bluza","title":{"rendered":"M\u0119ska bluza Euforia Biegacza Team"},"content":{"rendered":"<p>[vc_row][vc_column]<div class=\"mkdf-section-title-holder   \" style=\" text-align: left\">\n\t<div class=\"mkdf-st-inner\" >\n\t\t\t\t\t<h3 class=\"mkdf-st-title\" >\n\t\t\t\tM\u0119ska Bluza z kapturem\t\t\t<\/h3>\n\t\t        <div class=\"mkdf-separator-holder clearfix   \" >\n\t\t<div class=\"mkdf-separator\" style=\"width: 80px\"><\/div>\n\t<\/div>\n    <\/div>\n            <p class=\"mkdf-st-text\" >\n            Stylowa bluza z kapturem. Kiesze\u0144 naszyta z przodu. Przyjemny materia\u0142. Z przodu logo Euforia Biegacza Team        <\/p>\n    <\/div>[vc_column_text]<span style=\"font-size: medium;\"><i>Dodatkowe informacje:<\/i><\/span><\/p>\n<ul>\n<li><span style=\"font-size: medium;\">Sk\u0142ad 35% bawe\u0142na &#8211; 65% poliester.<\/span><\/li>\n<li><span style=\"font-size: medium;\">Producent:JHK<\/span><\/li>\n<li><span style=\"font-size: medium;\">Masa: 290 g\/m\u00b2<\/span><\/li>\n<li><span style=\"font-size: medium;\">Rozmiary: S-M-L-XL-XXL<\/span><\/li>\n<li><span style=\"font-size: medium;\">Temperatura prania: maksymalna temperatura prania 30\u00b0C<\/span><\/li>\n<\/ul>\n<p>[\/vc_column_text][\/vc_column][\/vc_row][vc_row][vc_column][\/vc_column][\/vc_row][vc_row][vc_column]<div class=\"mkdf-tabs  mkdf-tabs-boxed\">\n\t<ul class=\"mkdf-tabs-nav clearfix\">\n\t\t\t\t\t<li>\n\t\t\t\t\t\t\t\t\t<a href=\"#tab-meskie\">M\u0119skie<\/a>\n\t\t\t\t\t\t\t<\/li>\n\t\t\t<\/ul>\n\t<div class=\"mkdf-tab-container\" id=\"tab-meskie-791\">[vc_column_text css=&#8221;.vc_custom_1553632704486{border-radius: 1px !important;}&#8221;]<\/p>\n<table class=\"auto-style1\" style=\"height: 104px;\" width=\"1008\" cellspacing=\"0\" cellpadding=\"4\">\n<tbody>\n<tr>\n<td class=\"auto-style2\" width=\"16%\">EU<\/td>\n<td class=\"auto-style2\" nowrap=\"nowrap\">S<\/td>\n<td class=\"auto-style2\" nowrap=\"nowrap\">M<\/td>\n<td class=\"auto-style2\" nowrap=\"nowrap\">L<\/td>\n<td class=\"auto-style2\" nowrap=\"nowrap\">XL<\/td>\n<td class=\"auto-style2\" nowrap=\"nowrap\">XXL<\/td>\n<\/tr>\n<tr>\n<td class=\"auto-style2\">Szeroko\u015b\u0107<\/td>\n<td class=\"auto-style2\">54 cm<\/td>\n<td class=\"auto-style2\">56 cm<\/td>\n<td class=\"auto-style2\">58 cm<\/td>\n<td class=\"auto-style2\">60 cm<\/td>\n<td class=\"auto-style2\">62 cm<\/td>\n<\/tr>\n<tr>\n<td class=\"auto-style2\">D\u0142ugo\u015b\u0107<\/td>\n<td class=\"auto-style2\">69 cm<\/td>\n<td class=\"auto-style2\">70 cm<\/td>\n<td class=\"auto-style2\">71 cm<\/td>\n<td class=\"auto-style2\">72 cm<\/td>\n<td class=\"auto-style2\">74 cm<\/td>\n<\/tr>\n<\/tbody>\n<\/table>\n<p>[\/vc_column_text]<\/div><\/div>[\/vc_column][\/vc_row]<\/p>\n","protected":false},"excerpt":{"rendered":"<p>[vc_row][vc_column][vc_column_text]Dodatkowe informacje: Sk\u0142ad 35% bawe\u0142na &#8211; 65% poliester. Producent:JHK Masa: 290 g\/m\u00b2 Rozmiary: S-M-L-XL-XXL Temperatura prania: maksymalna temperatura prania 30\u00b0C [\/vc_column_text][\/vc_column][\/vc_row][vc_row][vc_column][\/vc_column][\/vc_row][vc_row][vc_column][\/vc_column][\/vc_row]<\/p>\n","protected":false},"featured_media":3796,"comment_status":"open","ping_status":"closed","template":"","meta":{"spay_email":"","jetpack_publicize_message":"","jetpack_is_tweetstorm":false},"product_brand":[],"product_cat":[45,65,44],"product_tag":[],"class_list":{"0":"post-3767","1":"product","2":"type-product","3":"status-publish","4":"has-post-thumbnail","6":"product_cat-clothes-2","7":"product_cat-meskie","8":"product_cat-odziez-meska","10":"first","11":"instock","12":"shipping-taxable","13":"purchasable","14":"product-type-variable"},"yoast_head":"<!-- This site is optimized with the Yoast SEO plugin v17.3 - https:\/\/yoast.com\/wordpress\/plugins\/seo\/ -->\n<title>M\u0119ska bluza Euforia Biegacza Team - EuforiaBiegacza Team<\/title>\n<meta name=\"robots\" content=\"index, follow, max-snippet:-1, max-image-preview:large, max-video-preview:-1\" \/>\n<link rel=\"canonical\" href=\"http:\/\/team.euforiabiegacza-sport.pl\/?product=bluza\" \/>\n<meta property=\"og:locale\" content=\"pl_PL\" \/>\n<meta property=\"og:type\" content=\"article\" \/>\n<meta property=\"og:title\" content=\"M\u0119ska bluza Euforia Biegacza Team - EuforiaBiegacza Team\" \/>\n<meta property=\"og:description\" content=\"[vc_row][vc_column][vc_column_text]Dodatkowe informacje: Sk\u0142ad 35% bawe\u0142na &#8211; 65% poliester. Producent:JHK Masa: 290 g\/m\u00b2 Rozmiary: S-M-L-XL-XXL Temperatura prania: maksymalna temperatura prania 30\u00b0C [\/vc_column_text][\/vc_column][\/vc_row][vc_row][vc_column][\/vc_column][\/vc_row][vc_row][vc_column][\/vc_column][\/vc_row]\" \/>\n<meta property=\"og:url\" content=\"http:\/\/team.euforiabiegacza-sport.pl\/?product=bluza\" \/>\n<meta property=\"og:site_name\" content=\"EuforiaBiegacza Team\" \/>\n<meta property=\"article:modified_time\" content=\"2021-10-07T09:39:45+00:00\" \/>\n<meta property=\"og:image\" content=\"http:\/\/team.euforiabiegacza-sport.pl\/wp-content\/uploads\/2019\/03\/bluza_m_ash-1.jpg\" \/>\n\t<meta property=\"og:image:width\" content=\"1242\" \/>\n\t<meta property=\"og:image:height\" content=\"1560\" \/>\n<meta name=\"twitter:card\" content=\"summary_large_image\" \/>\n<meta name=\"twitter:label1\" content=\"Szacowany czas czytania\" \/>\n\t<meta name=\"twitter:data1\" content=\"1 minuta\" \/>\n<script type=\"application\/ld+json\" class=\"yoast-schema-graph\">{\"@context\":\"https:\/\/schema.org\",\"@graph\":[{\"@type\":\"WebSite\",\"@id\":\"http:\/\/team.euforiabiegacza-sport.pl\/#website\",\"url\":\"http:\/\/team.euforiabiegacza-sport.pl\/\",\"name\":\"EuforiaBiegacza Team\",\"description\":\"Zrodziona z pasji do biegania\",\"potentialAction\":[{\"@type\":\"SearchAction\",\"target\":{\"@type\":\"EntryPoint\",\"urlTemplate\":\"http:\/\/team.euforiabiegacza-sport.pl\/?s={search_term_string}\"},\"query-input\":\"required name=search_term_string\"}],\"inLanguage\":\"pl-PL\"},{\"@type\":\"ImageObject\",\"@id\":\"http:\/\/team.euforiabiegacza-sport.pl\/?product=bluza#primaryimage\",\"inLanguage\":\"pl-PL\",\"url\":\"http:\/\/team.euforiabiegacza-sport.pl\/wp-content\/uploads\/2019\/03\/bluza_m_ash-1.jpg\",\"contentUrl\":\"http:\/\/team.euforiabiegacza-sport.pl\/wp-content\/uploads\/2019\/03\/bluza_m_ash-1.jpg\",\"width\":1242,\"height\":1560},{\"@type\":\"WebPage\",\"@id\":\"http:\/\/team.euforiabiegacza-sport.pl\/?product=bluza#webpage\",\"url\":\"http:\/\/team.euforiabiegacza-sport.pl\/?product=bluza\",\"name\":\"M\\u0119ska bluza Euforia Biegacza Team - EuforiaBiegacza Team\",\"isPartOf\":{\"@id\":\"http:\/\/team.euforiabiegacza-sport.pl\/#website\"},\"primaryImageOfPage\":{\"@id\":\"http:\/\/team.euforiabiegacza-sport.pl\/?product=bluza#primaryimage\"},\"datePublished\":\"2019-03-04T18:40:19+00:00\",\"dateModified\":\"2021-10-07T09:39:45+00:00\",\"breadcrumb\":{\"@id\":\"http:\/\/team.euforiabiegacza-sport.pl\/?product=bluza#breadcrumb\"},\"inLanguage\":\"pl-PL\",\"potentialAction\":[{\"@type\":\"ReadAction\",\"target\":[\"http:\/\/team.euforiabiegacza-sport.pl\/?product=bluza\"]}]},{\"@type\":\"BreadcrumbList\",\"@id\":\"http:\/\/team.euforiabiegacza-sport.pl\/?product=bluza#breadcrumb\",\"itemListElement\":[{\"@type\":\"ListItem\",\"position\":1,\"name\":\"Strona g\\u0142\\u00f3wna\",\"item\":\"http:\/\/team.euforiabiegacza-sport.pl\/\"},{\"@type\":\"ListItem\",\"position\":2,\"name\":\"Sklep\",\"item\":\"http:\/\/team.euforiabiegacza-sport.pl\/?page_id=6\"},{\"@type\":\"ListItem\",\"position\":3,\"name\":\"M\\u0119ska bluza Euforia Biegacza Team\"}]}]}<\/script>\n<!-- \/ Yoast SEO plugin. -->","yoast_head_json":{"title":"M\u0119ska bluza Euforia Biegacza Team - EuforiaBiegacza Team","robots":{"index":"index","follow":"follow","max-snippet":"max-snippet:-1","max-image-preview":"max-image-preview:large","max-video-preview":"max-video-preview:-1"},"canonical":"http:\/\/team.euforiabiegacza-sport.pl\/?product=bluza","og_locale":"pl_PL","og_type":"article","og_title":"M\u0119ska bluza Euforia Biegacza Team - EuforiaBiegacza Team","og_description":"[vc_row][vc_column][vc_column_text]Dodatkowe informacje: Sk\u0142ad 35% bawe\u0142na &#8211; 65% poliester. Producent:JHK Masa: 290 g\/m\u00b2 Rozmiary: S-M-L-XL-XXL Temperatura prania: maksymalna temperatura prania 30\u00b0C [\/vc_column_text][\/vc_column][\/vc_row][vc_row][vc_column][\/vc_column][\/vc_row][vc_row][vc_column][\/vc_column][\/vc_row]","og_url":"http:\/\/team.euforiabiegacza-sport.pl\/?product=bluza","og_site_name":"EuforiaBiegacza Team","article_modified_time":"2021-10-07T09:39:45+00:00","og_image":[{"width":1242,"height":1560,"url":"http:\/\/team.euforiabiegacza-sport.pl\/wp-content\/uploads\/2019\/03\/bluza_m_ash-1.jpg","type":"image\/jpeg"}],"twitter_card":"summary_large_image","twitter_misc":{"Szacowany czas czytania":"1 minuta"},"schema":{"@context":"https:\/\/schema.org","@graph":[{"@type":"WebSite","@id":"http:\/\/team.euforiabiegacza-sport.pl\/#website","url":"http:\/\/team.euforiabiegacza-sport.pl\/","name":"EuforiaBiegacza Team","description":"Zrodziona z pasji do biegania","potentialAction":[{"@type":"SearchAction","target":{"@type":"EntryPoint","urlTemplate":"http:\/\/team.euforiabiegacza-sport.pl\/?s={search_term_string}"},"query-input":"required name=search_term_string"}],"inLanguage":"pl-PL"},{"@type":"ImageObject","@id":"http:\/\/team.euforiabiegacza-sport.pl\/?product=bluza#primaryimage","inLanguage":"pl-PL","url":"http:\/\/team.euforiabiegacza-sport.pl\/wp-content\/uploads\/2019\/03\/bluza_m_ash-1.jpg","contentUrl":"http:\/\/team.euforiabiegacza-sport.pl\/wp-content\/uploads\/2019\/03\/bluza_m_ash-1.jpg","width":1242,"height":1560},{"@type":"WebPage","@id":"http:\/\/team.euforiabiegacza-sport.pl\/?product=bluza#webpage","url":"http:\/\/team.euforiabiegacza-sport.pl\/?product=bluza","name":"M\u0119ska bluza Euforia Biegacza Team - EuforiaBiegacza Team","isPartOf":{"@id":"http:\/\/team.euforiabiegacza-sport.pl\/#website"},"primaryImageOfPage":{"@id":"http:\/\/team.euforiabiegacza-sport.pl\/?product=bluza#primaryimage"},"datePublished":"2019-03-04T18:40:19+00:00","dateModified":"2021-10-07T09:39:45+00:00","breadcrumb":{"@id":"http:\/\/team.euforiabiegacza-sport.pl\/?product=bluza#breadcrumb"},"inLanguage":"pl-PL","potentialAction":[{"@type":"ReadAction","target":["http:\/\/team.euforiabiegacza-sport.pl\/?product=bluza"]}]},{"@type":"BreadcrumbList","@id":"http:\/\/team.euforiabiegacza-sport.pl\/?product=bluza#breadcrumb","itemListElement":[{"@type":"ListItem","position":1,"name":"Strona g\u0142\u00f3wna","item":"http:\/\/team.euforiabiegacza-sport.pl\/"},{"@type":"ListItem","position":2,"name":"Sklep","item":"http:\/\/team.euforiabiegacza-sport.pl\/?page_id=6"},{"@type":"ListItem","position":3,"name":"M\u0119ska bluza Euforia Biegacza Team"}]}]}},"jetpack_publicize_connections":[],"jetpack_sharing_enabled":true,"_links":{"self":[{"href":"http:\/\/team.euforiabiegacza-sport.pl\/index.php?rest_route=\/wp\/v2\/product\/3767","targetHints":{"allow":["GET"]}}],"collection":[{"href":"http:\/\/team.euforiabiegacza-sport.pl\/index.php?rest_route=\/wp\/v2\/product"}],"about":[{"href":"http:\/\/team.euforiabiegacza-sport.pl\/index.php?rest_route=\/wp\/v2\/types\/product"}],"replies":[{"embeddable":true,"href":"http:\/\/team.euforiabiegacza-sport.pl\/index.php?rest_route=%2Fwp%2Fv2%2Fcomments&post=3767"}],"wp:featuredmedia":[{"embeddable":true,"href":"http:\/\/team.euforiabiegacza-sport.pl\/index.php?rest_route=\/wp\/v2\/media\/3796"}],"wp:attachment":[{"href":"http:\/\/team.euforiabiegacza-sport.pl\/index.php?rest_route=%2Fwp%2Fv2%2Fmedia&parent=3767"}],"wp:term":[{"taxonomy":"product_brand","embeddable":true,"href":"http:\/\/team.euforiabiegacza-sport.pl\/index.php?rest_route=%2Fwp%2Fv2%2Fproduct_brand&post=3767"},{"taxonomy":"product_cat","embeddable":true,"href":"http:\/\/team.euforiabiegacza-sport.pl\/index.php?rest_route=%2Fwp%2Fv2%2Fproduct_cat&post=3767"},{"taxonomy":"product_tag","embeddable":true,"href":"http:\/\/team.euforiabiegacza-sport.pl\/index.php?rest_route=%2Fwp%2Fv2%2Fproduct_tag&post=3767"}],"curies":[{"name":"wp","href":"https:\/\/api.w.org\/{rel}","templated":true}]}}